{"id":352,"date":"2025-12-17T10:28:08","date_gmt":"2025-12-17T10:28:08","guid":{"rendered":"http:\/\/progreek.io.vn\/?post_type=product&#038;p=352"},"modified":"2025-12-17T10:32:28","modified_gmt":"2025-12-17T10:32:28","slug":"goi-topping-trai-cay-say-hat-tropical-mix","status":"publish","type":"product","link":"https:\/\/progreek.io.vn\/index.php\/san-pham\/goi-topping-trai-cay-say-hat-tropical-mix\/","title":{"rendered":"G\u00f3i Topping Tr\u00e1i C\u00e2y S\u1ea5y &#038; H\u1ea1t (Tropical Mix)"},"content":{"rendered":"<p data-path-to-node=\"3\"><b>&#8220;M\u1ea3nh gh\u00e9p ho\u00e0n h\u1ea3o &#8211; Gi\u00f2n tan &amp; T\u01b0\u01a1i m\u1edbi&#8221;<\/b><\/p>\n<p data-path-to-node=\"4\">Bi\u1ebfn h\u0169 s\u1eefa chua Progreek c\u1ee7a b\u1ea1n th\u00e0nh m\u1ed9t b\u1eefa ti\u1ec7c v\u1ecb gi\u00e1c \u0111\u1ea7y m\u00e0u s\u1eafc ch\u1ec9 trong 3 gi\u00e2y. G\u00f3i topping l\u00e0 s\u1ef1 tuy\u1ec3n ch\u1ecdn k\u1ef9 l\u01b0\u1ee1ng nh\u1eefng lo\u1ea1i tr\u00e1i c\u00e2y t\u01b0\u01a1i ngon nh\u1ea5t, \u0111\u01b0\u1ee3c s\u1ea5y theo c\u00f4ng ngh\u1ec7 hi\u1ec7n \u0111\u1ea1i \u0111\u1ec3 gi\u1eef tr\u1ecdn v\u1eb9n vitamin v\u00e0 h\u01b0\u01a1ng v\u1ecb t\u1ef1 nhi\u00ean.<\/p>\n<ul data-path-to-node=\"5\">\n<li>\n<p data-path-to-node=\"5,0,0\"><b>C\u00f4ng ngh\u1ec7 S\u1ea5y Th\u0103ng Hoa (Freeze-dried):<\/b> Kh\u00e1c v\u1edbi m\u1ee9t ng\u1ecdt, tr\u00e1i c\u00e2y c\u1ee7a Progreek \u0111\u01b0\u1ee3c s\u1ea5y l\u1ea1nh gi\u00fap gi\u1eef nguy\u00ean c\u1ea5u tr\u00fac <b>gi\u00f2n r\u1ee5m<\/b>, m\u00e0u s\u1eafc t\u01b0\u01a1i t\u1eafn v\u00e0 v\u1ecb chua ng\u1ecdt nguy\u00ean b\u1ea3n c\u1ee7a tr\u00e1i c\u00e2y t\u01b0\u01a1i.<\/p>\n<\/li>\n<li>\n<p data-path-to-node=\"5,1,0\"><b>Th\u00e0nh ph\u1ea7n th\u01b0\u1ee3ng h\u1ea1ng:<\/b> S\u1ef1 k\u1ebft h\u1ee3p ng\u1eabu h\u1ee9ng gi\u1eefa <b>D\u00e2u t\u00e2y \u0110\u00e0 L\u1ea1t<\/b> chua nh\u1eb9, <b>Xo\u00e0i c\u00e1t<\/b> ng\u1ecdt ng\u00e0o, <b>Vi\u1ec7t qu\u1ea5t<\/b> gi\u00e0u ch\u1ea5t ch\u1ed1ng oxy h\u00f3a v\u00e0 m\u1ed9t ch\u00fat <b>Nho kh\u00f4<\/b> d\u1ebbo th\u01a1m.<\/p>\n<\/li>\n<li>\n<p data-path-to-node=\"5,2,0\"><b>Ti\u1ec7n l\u1ee3i t\u1ed1i \u0111a:<\/b> \u0110\u01b0\u1ee3c \u0111\u00f3ng th\u00e0nh c\u00e1c g\u00f3i nh\u1ecf (single-serve) v\u1eeba \u0111\u1ee7 cho m\u1ed9t l\u1ea7n \u0103n. Ch\u1ec9 c\u1ea7n x\u00e9 g\u00f3i, r\u1eafc l\u00ean s\u1eefa chua v\u00e0 th\u01b0\u1edfng th\u1ee9c \u0111\u1ed9 gi\u00f2n tan h\u00f2a quy\u1ec7n c\u00f9ng l\u1edbp kem s\u00e1nh m\u1ecbn.<\/p>\n<\/li>\n<li>\n<p data-path-to-node=\"5,3,0\"><b>Cam k\u1ebft 3 Kh\u00f4ng:<\/b> Kh\u00f4ng t\u1ea9m \u0111\u01b0\u1eddng, Kh\u00f4ng ch\u1ea5t b\u1ea3o qu\u1ea3n, Kh\u00f4ng ph\u1ea9m m\u00e0u.<\/p>\n<\/li>\n<\/ul>\n","protected":false},"excerpt":{"rendered":"<p>Tr\u00e1i c\u00e2y s\u1ea5y th\u0103ng hoa (D\u00e2u, Xo\u00e0i, Vi\u1ec7t qu\u1ea5t, Chu\u1ed1i,&#8230;) <b>gi\u00f2n r\u1ee5m<\/b>, gi\u1eef tr\u1ecdn v\u1ecb t\u01b0\u01a1i. Kh\u00f4ng \u0111\u01b0\u1eddng, \u0103n k\u00e8m s\u1eefa chua c\u1ef1c cu\u1ed1n.<\/p>\n","protected":false},"featured_media":354,"comment_status":"open","ping_status":"closed","template":"","meta":[],"product_brand":[],"product_cat":[20,22],"product_tag":[],"class_list":{"0":"post-352","1":"product","2":"type-product","3":"status-publish","4":"has-post-thumbnail","6":"product_cat-san-pham","7":"product_cat-topping","9":"first","10":"instock","11":"taxable","12":"shipping-taxable","13":"purchasable","14":"product-type-simple"},"_links":{"self":[{"href":"https:\/\/progreek.io.vn\/index.php\/wp-json\/wp\/v2\/product\/352","targetHints":{"allow":["GET"]}}],"collection":[{"href":"https:\/\/progreek.io.vn\/index.php\/wp-json\/wp\/v2\/product"}],"about":[{"href":"https:\/\/progreek.io.vn\/index.php\/wp-json\/wp\/v2\/types\/product"}],"replies":[{"embeddable":true,"href":"https:\/\/progreek.io.vn\/index.php\/wp-json\/wp\/v2\/comments?post=352"}],"wp:featuredmedia":[{"embeddable":true,"href":"https:\/\/progreek.io.vn\/index.php\/wp-json\/wp\/v2\/media\/354"}],"wp:attachment":[{"href":"https:\/\/progreek.io.vn\/index.php\/wp-json\/wp\/v2\/media?parent=352"}],"wp:term":[{"taxonomy":"product_brand","embeddable":true,"href":"https:\/\/progreek.io.vn\/index.php\/wp-json\/wp\/v2\/product_brand?post=352"},{"taxonomy":"product_cat","embeddable":true,"href":"https:\/\/progreek.io.vn\/index.php\/wp-json\/wp\/v2\/product_cat?post=352"},{"taxonomy":"product_tag","embeddable":true,"href":"https:\/\/progreek.io.vn\/index.php\/wp-json\/wp\/v2\/product_tag?post=352"}],"curies":[{"name":"wp","href":"https:\/\/api.w.org\/{rel}","templated":true}]}}