{"id":96,"date":"2025-12-05T03:57:59","date_gmt":"2025-12-05T03:57:59","guid":{"rendered":"https:\/\/progreek.io.vn\/index.php\/gio-hang-2\/"},"modified":"2025-12-06T01:36:46","modified_gmt":"2025-12-06T01:36:46","slug":"gio-hang-2","status":"publish","type":"page","link":"https:\/\/progreek.io.vn\/index.php\/gio-hang-2\/","title":{"rendered":"Gi\u1ecf h\u00e0ng"},"content":{"rendered":"\n<div data-block-name=\"woocommerce\/cart\" class=\"wp-block-woocommerce-cart alignwide is-loading\">\n<div data-block-name=\"woocommerce\/filled-cart-block\" class=\"wp-block-woocommerce-filled-cart-block\">\n<div data-block-name=\"woocommerce\/cart-items-block\" class=\"wp-block-woocommerce-cart-items-block\">\n<div data-block-name=\"woocommerce\/cart-line-items-block\" class=\"wp-block-woocommerce-cart-line-items-block\"><\/div>\n\n\n<\/div>\n\n\n\n\n<div data-block-name=\"woocommerce\/cart-totals-block\" class=\"wp-block-woocommerce-cart-totals-block\">\n<div data-block-name=\"woocommerce\/cart-order-summary-block\" class=\"wp-block-woocommerce-cart-order-summary-block\">\n<div data-block-name=\"woocommerce\/cart-order-summary-heading-block\" class=\"wp-block-woocommerce-cart-order-summary-heading-block\"><\/div><div data-block-name=\"woocommerce\/cart-order-summary-coupon-form-block\" class=\"wp-block-woocommerce-cart-order-summary-coupon-form-block\"><\/div><div data-block-name=\"woocommerce\/cart-order-summary-totals-block\" class=\"wp-block-woocommerce-cart-order-summary-totals-block\">\n<div data-block-name=\"woocommerce\/cart-order-summary-subtotal-block\" class=\"wp-block-woocommerce-cart-order-summary-subtotal-block\"><\/div>\n<div data-block-name=\"woocommerce\/cart-order-summary-discount-block\" class=\"wp-block-woocommerce-cart-order-summary-discount-block\"><\/div>\n<div data-block-name=\"woocommerce\/cart-order-summary-fee-block\" class=\"wp-block-woocommerce-cart-order-summary-fee-block\"><\/div>\n<div data-block-name=\"woocommerce\/cart-order-summary-shipping-block\" class=\"wp-block-woocommerce-cart-order-summary-shipping-block\"><\/div>\n<div data-block-name=\"woocommerce\/cart-order-summary-taxes-block\" class=\"wp-block-woocommerce-cart-order-summary-taxes-block\"><\/div><\/div>\n<\/div>\n\n\n\n<div data-block-name=\"woocommerce\/cart-express-payment-block\" class=\"wp-block-woocommerce-cart-express-payment-block\"><\/div>\n\n\n\n<div data-block-name=\"woocommerce\/proceed-to-checkout-block\" class=\"wp-block-woocommerce-proceed-to-checkout-block\"><\/div>\n<div id=\"ppcp-recaptcha-v2-container\" style=\"margin:20px 0;\"><\/div>\n\n\n<div data-block-name=\"woocommerce\/cart-accepted-payment-methods-block\" class=\"wp-block-woocommerce-cart-accepted-payment-methods-block\"><\/div>\n<\/div>\n<\/div>\n\n\n\n<div data-block-name=\"woocommerce\/empty-cart-block\" class=\"wp-block-woocommerce-empty-cart-block\">\n<h2 class=\"wp-block-heading has-text-align-center with-empty-cart-icon wc-block-cart__empty-cart__title\">Gi\u1ecf h\u00e0ng hi\u1ec7n t\u1ea1i ch\u01b0a c\u00f3 s\u1ea3n ph\u1ea9m n\u00e0o!<\/h2>\n\n\n\n<hr class=\"wp-block-separator has-alpha-channel-opacity is-style-dots\"\/>\n\n\n\n<h2 class=\"wp-block-heading has-text-align-center\">M\u1edbi trong c\u1eeda h\u00e0ng<\/h2>\n\n\n<div data-block-name=\"woocommerce\/product-new\" data-columns=\"4\" data-rows=\"1\" class=\"wc-block-grid wp-block-product-new wp-block-woocommerce-product-new wc-block-product-new has-4-columns\"><ul class=\"wc-block-grid__products\"><li class=\"wc-block-grid__product\">\n\t\t\t\t<a href=\"https:\/\/progreek.io.vn\/index.php\/san-pham\/goi-topping-trai-cay-say-hat-tropical-mix\/\" class=\"wc-block-grid__product-link\">\n\t\t\t\t\t\n\t\t\t\t\t<div class=\"wc-block-grid__product-image\"><img loading=\"lazy\" decoding=\"async\" width=\"300\" height=\"300\" src=\"https:\/\/progreek.io.vn\/wp-content\/uploads\/2025\/12\/say-goi-2-300x300.jpg\" class=\"attachment-woocommerce_thumbnail size-woocommerce_thumbnail\" alt=\"G\u00f3i Topping Tr\u00e1i C\u00e2y S\u1ea5y &amp; H\u1ea1t (Tropical Mix)\" srcset=\"https:\/\/progreek.io.vn\/wp-content\/uploads\/2025\/12\/say-goi-2-300x300.jpg 300w, https:\/\/progreek.io.vn\/wp-content\/uploads\/2025\/12\/say-goi-2-150x150.jpg 150w, https:\/\/progreek.io.vn\/wp-content\/uploads\/2025\/12\/say-goi-2-100x100.jpg 100w\" sizes=\"auto, (max-width: 300px) 100vw, 300px\" \/><\/div>\n\t\t\t\t\t<div class=\"wc-block-grid__product-title\">G\u00f3i Topping Tr\u00e1i C\u00e2y S\u1ea5y &amp; H\u1ea1t (Tropical Mix)<\/div>\n\t\t\t\t<\/a>\n\t\t\t\t<div class=\"wc-block-grid__product-price price\"><span class=\"woocommerce-Price-amount amount\">15.000&nbsp;<span class=\"woocommerce-Price-currencySymbol\">&#8363;<\/span><\/span><\/div>\n\t\t\t\t\n\t\t\t\t<div class=\"wp-block-button wc-block-grid__product-add-to-cart\"><a href=\"\/index.php\/wp-json\/wp\/v2\/pages\/96?add-to-cart=352\" aria-label=\"Th\u00eam v\u00e0o gi\u1ecf h\u00e0ng: &ldquo;G\u00f3i Topping Tr\u00e1i C\u00e2y S\u1ea5y &amp; H\u1ea1t (Tropical Mix)&rdquo;\" data-quantity=\"1\" data-product_id=\"352\" data-product_sku=\"\" data-price=\"15000\" rel=\"nofollow\" class=\"wp-block-button__link  add_to_cart_button ajax_add_to_cart\">Th\u00eam v\u00e0o gi\u1ecf h\u00e0ng<\/a><\/div>\n\t\t\t<\/li><li class=\"wc-block-grid__product\">\n\t\t\t\t<a href=\"https:\/\/progreek.io.vn\/index.php\/san-pham\/progreek-regular-ban-goc-dam-vi\/\" class=\"wc-block-grid__product-link\">\n\t\t\t\t\t\n\t\t\t\t\t<div class=\"wc-block-grid__product-image\"><img loading=\"lazy\" decoding=\"async\" width=\"300\" height=\"300\" src=\"https:\/\/progreek.io.vn\/wp-content\/uploads\/2025\/12\/z7336534510514_dfe72fa9f28f450278b8653cd7b2ce76-1-300x300.jpg\" class=\"attachment-woocommerce_thumbnail size-woocommerce_thumbnail\" alt=\"ProGreek Regular \u2013 B\u1ea3n g\u1ed1c \u0111\u1eadm v\u1ecb\" srcset=\"https:\/\/progreek.io.vn\/wp-content\/uploads\/2025\/12\/z7336534510514_dfe72fa9f28f450278b8653cd7b2ce76-1-300x300.jpg 300w, https:\/\/progreek.io.vn\/wp-content\/uploads\/2025\/12\/z7336534510514_dfe72fa9f28f450278b8653cd7b2ce76-1-150x150.jpg 150w, https:\/\/progreek.io.vn\/wp-content\/uploads\/2025\/12\/z7336534510514_dfe72fa9f28f450278b8653cd7b2ce76-1-100x100.jpg 100w\" sizes=\"auto, (max-width: 300px) 100vw, 300px\" \/><\/div>\n\t\t\t\t\t<div class=\"wc-block-grid__product-title\">ProGreek Regular \u2013 B\u1ea3n g\u1ed1c \u0111\u1eadm v\u1ecb<\/div>\n\t\t\t\t<\/a>\n\t\t\t\t<div class=\"wc-block-grid__product-price price\"><span class=\"woocommerce-Price-amount amount\">29.000&nbsp;<span class=\"woocommerce-Price-currencySymbol\">&#8363;<\/span><\/span><\/div>\n\t\t\t\t\n\t\t\t\t<div class=\"wp-block-button wc-block-grid__product-add-to-cart\"><a href=\"\/index.php\/wp-json\/wp\/v2\/pages\/96?add-to-cart=183\" aria-label=\"Th\u00eam v\u00e0o gi\u1ecf h\u00e0ng: &ldquo;ProGreek Regular \u2013 B\u1ea3n g\u1ed1c \u0111\u1eadm v\u1ecb&rdquo;\" data-quantity=\"1\" data-product_id=\"183\" data-product_sku=\"\" data-price=\"29000\" rel=\"nofollow\" class=\"wp-block-button__link  add_to_cart_button ajax_add_to_cart\">Th\u00eam v\u00e0o gi\u1ecf h\u00e0ng<\/a><\/div>\n\t\t\t<\/li><li class=\"wc-block-grid__product\">\n\t\t\t\t<a href=\"https:\/\/progreek.io.vn\/index.php\/san-pham\/progreek-yogurt-nguyen-ban\/\" class=\"wc-block-grid__product-link\">\n\t\t\t\t\t<div class=\"wc-block-grid__product-onsale\">\n\t\t\t<span aria-hidden=\"true\">Khuy\u1ebfn m\u1ea1i<\/span>\n\t\t\t<span class=\"screen-reader-text\">S\u1ea3n ph\u1ea9m \u0111ang gi\u1ea3m gi\u00e1<\/span>\n\t\t<\/div>\n\t\t\t\t\t<div class=\"wc-block-grid__product-image\"><img loading=\"lazy\" decoding=\"async\" width=\"300\" height=\"300\" src=\"https:\/\/progreek.io.vn\/wp-content\/uploads\/2025\/12\/z7336534510515_a101789b41bf116739e0a53e36547a61-300x300.jpg\" class=\"attachment-woocommerce_thumbnail size-woocommerce_thumbnail\" alt=\"ProGreek - B\u1ea3n kh\u00f4ng \u0111\u01b0\u1eddng\" srcset=\"https:\/\/progreek.io.vn\/wp-content\/uploads\/2025\/12\/z7336534510515_a101789b41bf116739e0a53e36547a61-300x300.jpg 300w, https:\/\/progreek.io.vn\/wp-content\/uploads\/2025\/12\/z7336534510515_a101789b41bf116739e0a53e36547a61-150x150.jpg 150w, https:\/\/progreek.io.vn\/wp-content\/uploads\/2025\/12\/z7336534510515_a101789b41bf116739e0a53e36547a61-100x100.jpg 100w\" sizes=\"auto, (max-width: 300px) 100vw, 300px\" \/><\/div>\n\t\t\t\t\t<div class=\"wc-block-grid__product-title\">ProGreek &#8211; B\u1ea3n kh\u00f4ng \u0111\u01b0\u1eddng<\/div>\n\t\t\t\t<\/a>\n\t\t\t\t<div class=\"wc-block-grid__product-price price\"><del aria-hidden=\"true\"><span class=\"woocommerce-Price-amount amount\">40.000&nbsp;<span class=\"woocommerce-Price-currencySymbol\">&#8363;<\/span><\/span><\/del> <span class=\"screen-reader-text\">Gi\u00e1 g\u1ed1c l\u00e0: 40.000&nbsp;&#8363;.<\/span><ins aria-hidden=\"true\"><span class=\"woocommerce-Price-amount amount\">29.000&nbsp;<span class=\"woocommerce-Price-currencySymbol\">&#8363;<\/span><\/span><\/ins><span class=\"screen-reader-text\">Gi\u00e1 hi\u1ec7n t\u1ea1i l\u00e0: 29.000&nbsp;&#8363;.<\/span><\/div>\n\t\t\t\t\n\t\t\t\t<div class=\"wp-block-button wc-block-grid__product-add-to-cart\"><a href=\"https:\/\/progreek.io.vn\/index.php\/san-pham\/progreek-yogurt-nguyen-ban\/\" aria-label=\"\u0110\u1ecdc th\u00eam v\u1ec1 &ldquo;ProGreek - B\u1ea3n kh\u00f4ng \u0111\u01b0\u1eddng&rdquo;\" data-quantity=\"1\" data-product_id=\"159\" data-product_sku=\"\" data-price=\"29000\" rel=\"nofollow\" class=\"wp-block-button__link  add_to_cart_button\">\u0110\u1ecdc ti\u1ebfp<\/a><\/div>\n\t\t\t<\/li><li class=\"wc-block-grid__product\">\n\t\t\t\t<a href=\"https:\/\/progreek.io.vn\/index.php\/san-pham\/progreek-yogurt-nguyen-ban-2\/\" class=\"wc-block-grid__product-link\">\n\t\t\t\t\t<div class=\"wc-block-grid__product-onsale\">\n\t\t\t<span aria-hidden=\"true\">Khuy\u1ebfn m\u1ea1i<\/span>\n\t\t\t<span class=\"screen-reader-text\">S\u1ea3n ph\u1ea9m \u0111ang gi\u1ea3m gi\u00e1<\/span>\n\t\t<\/div>\n\t\t\t\t\t<div class=\"wc-block-grid__product-image\"><img loading=\"lazy\" decoding=\"async\" width=\"300\" height=\"300\" src=\"https:\/\/progreek.io.vn\/wp-content\/uploads\/2025\/12\/z7336534497305_b73c73e018a319e6ef251d804a041a9b-1-300x300.jpg\" class=\"attachment-woocommerce_thumbnail size-woocommerce_thumbnail\" alt=\"ProGreek - \u00cdt \u0111\u01b0\u1eddng\" srcset=\"https:\/\/progreek.io.vn\/wp-content\/uploads\/2025\/12\/z7336534497305_b73c73e018a319e6ef251d804a041a9b-1-300x300.jpg 300w, https:\/\/progreek.io.vn\/wp-content\/uploads\/2025\/12\/z7336534497305_b73c73e018a319e6ef251d804a041a9b-1-150x150.jpg 150w, https:\/\/progreek.io.vn\/wp-content\/uploads\/2025\/12\/z7336534497305_b73c73e018a319e6ef251d804a041a9b-1-100x100.jpg 100w\" sizes=\"auto, (max-width: 300px) 100vw, 300px\" \/><\/div>\n\t\t\t\t\t<div class=\"wc-block-grid__product-title\">ProGreek &#8211; \u00cdt \u0111\u01b0\u1eddng<\/div>\n\t\t\t\t<\/a>\n\t\t\t\t<div class=\"wc-block-grid__product-price price\"><del aria-hidden=\"true\"><span class=\"woocommerce-Price-amount amount\">40.000&nbsp;<span class=\"woocommerce-Price-currencySymbol\">&#8363;<\/span><\/span><\/del> <span class=\"screen-reader-text\">Gi\u00e1 g\u1ed1c l\u00e0: 40.000&nbsp;&#8363;.<\/span><ins aria-hidden=\"true\"><span class=\"woocommerce-Price-amount amount\">29.000&nbsp;<span class=\"woocommerce-Price-currencySymbol\">&#8363;<\/span><\/span><\/ins><span class=\"screen-reader-text\">Gi\u00e1 hi\u1ec7n t\u1ea1i l\u00e0: 29.000&nbsp;&#8363;.<\/span><\/div>\n\t\t\t\t\n\t\t\t\t<div class=\"wp-block-button wc-block-grid__product-add-to-cart\"><a href=\"\/index.php\/wp-json\/wp\/v2\/pages\/96?add-to-cart=158\" aria-label=\"Th\u00eam v\u00e0o gi\u1ecf h\u00e0ng: &ldquo;ProGreek - \u00cdt \u0111\u01b0\u1eddng&rdquo;\" data-quantity=\"1\" data-product_id=\"158\" data-product_sku=\"\" data-price=\"29000\" rel=\"nofollow\" class=\"wp-block-button__link  add_to_cart_button ajax_add_to_cart\">Th\u00eam v\u00e0o gi\u1ecf h\u00e0ng<\/a><\/div>\n\t\t\t<\/li><\/ul><\/div><\/div>\n<\/div>\n","protected":false},"excerpt":{"rendered":"","protected":false},"author":1,"featured_media":0,"parent":0,"menu_order":0,"comment_status":"closed","ping_status":"closed","template":"","meta":{"footnotes":""},"class_list":["post-96","page","type-page","status-publish","hentry"],"_links":{"self":[{"href":"https:\/\/progreek.io.vn\/index.php\/wp-json\/wp\/v2\/pages\/96","targetHints":{"allow":["GET"]}}],"collection":[{"href":"https:\/\/progreek.io.vn\/index.php\/wp-json\/wp\/v2\/pages"}],"about":[{"href":"https:\/\/progreek.io.vn\/index.php\/wp-json\/wp\/v2\/types\/page"}],"author":[{"embeddable":true,"href":"https:\/\/progreek.io.vn\/index.php\/wp-json\/wp\/v2\/users\/1"}],"replies":[{"embeddable":true,"href":"https:\/\/progreek.io.vn\/index.php\/wp-json\/wp\/v2\/comments?post=96"}],"version-history":[{"count":1,"href":"https:\/\/progreek.io.vn\/index.php\/wp-json\/wp\/v2\/pages\/96\/revisions"}],"predecessor-version":[{"id":168,"href":"https:\/\/progreek.io.vn\/index.php\/wp-json\/wp\/v2\/pages\/96\/revisions\/168"}],"wp:attachment":[{"href":"https:\/\/progreek.io.vn\/index.php\/wp-json\/wp\/v2\/media?parent=96"}],"curies":[{"name":"wp","href":"https:\/\/api.w.org\/{rel}","templated":true}]}}