{"id":32,"date":"2025-12-13T03:03:36","date_gmt":"2025-12-13T03:03:36","guid":{"rendered":"http:\/\/progreek.io.vn\/?page_id=32"},"modified":"2025-12-19T03:09:21","modified_gmt":"2025-12-19T03:09:21","slug":"blog","status":"publish","type":"page","link":"https:\/\/progreek.io.vn\/index.php\/blog\/","title":{"rendered":"Blog"},"content":{"rendered":"<ul class=\"wp-block-latest-posts__list is-grid columns-3 has-dates has-author wp-block-latest-posts\"><li><div class=\"wp-block-latest-posts__featured-image\"><img loading=\"lazy\" decoding=\"async\" width=\"1020\" height=\"1020\" src=\"https:\/\/progreek.io.vn\/wp-content\/uploads\/2025\/12\/image-5.png\" class=\"attachment-large size-large wp-post-image\" alt=\"\" style=\"\" srcset=\"https:\/\/progreek.io.vn\/wp-content\/uploads\/2025\/12\/image-5.png 1024w, https:\/\/progreek.io.vn\/wp-content\/uploads\/2025\/12\/image-5-300x300.png 300w, https:\/\/progreek.io.vn\/wp-content\/uploads\/2025\/12\/image-5-150x150.png 150w, https:\/\/progreek.io.vn\/wp-content\/uploads\/2025\/12\/image-5-768x768.png 768w, https:\/\/progreek.io.vn\/wp-content\/uploads\/2025\/12\/image-5-600x600.png 600w, https:\/\/progreek.io.vn\/wp-content\/uploads\/2025\/12\/image-5-100x100.png 100w\" sizes=\"auto, (max-width: 1020px) 100vw, 1020px\" \/><\/div><a class=\"wp-block-latest-posts__post-title\" href=\"https:\/\/progreek.io.vn\/index.php\/2025\/12\/17\/progreek-nhien-lieu-hoan-hao-cho-gymer-2\/\">Progreek: &#8220;Nhi\u00ean li\u1ec7u&#8221; ho\u00e0n h\u1ea3o cho Gymer<\/a><div class=\"wp-block-latest-posts__post-author\">b\u1edfi Pham Na<\/div><time datetime=\"2025-12-17T08:48:35+00:00\" class=\"wp-block-latest-posts__post-date\">17 Th\u00e1ng 12, 2025<\/time><\/li>\n<li><div class=\"wp-block-latest-posts__featured-image\"><img loading=\"lazy\" decoding=\"async\" width=\"1020\" height=\"1020\" src=\"https:\/\/progreek.io.vn\/wp-content\/uploads\/2025\/12\/unnamed-3-1.jpg\" class=\"attachment-large size-large wp-post-image\" alt=\"\" style=\"\" srcset=\"https:\/\/progreek.io.vn\/wp-content\/uploads\/2025\/12\/unnamed-3-1.jpg 1024w, https:\/\/progreek.io.vn\/wp-content\/uploads\/2025\/12\/unnamed-3-1-300x300.jpg 300w, https:\/\/progreek.io.vn\/wp-content\/uploads\/2025\/12\/unnamed-3-1-150x150.jpg 150w, https:\/\/progreek.io.vn\/wp-content\/uploads\/2025\/12\/unnamed-3-1-768x768.jpg 768w, https:\/\/progreek.io.vn\/wp-content\/uploads\/2025\/12\/unnamed-3-1-600x600.jpg 600w, https:\/\/progreek.io.vn\/wp-content\/uploads\/2025\/12\/unnamed-3-1-100x100.jpg 100w\" sizes=\"auto, (max-width: 1020px) 100vw, 1020px\" \/><\/div><a class=\"wp-block-latest-posts__post-title\" href=\"https:\/\/progreek.io.vn\/index.php\/2025\/12\/17\/sua-chua-hy-lap-progreek-dong-minh-so-1-tren-hanh-trinh-giam-can-cua-ban\/\">S\u1eefa chua Hy L\u1ea1p Progreek: \u0110\u1ed3ng minh s\u1ed1 1 tr\u00ean h\u00e0nh tr\u00ecnh gi\u1ea3m c\u00e2n c\u1ee7a b\u1ea1n<\/a><div class=\"wp-block-latest-posts__post-author\">b\u1edfi Pham Na<\/div><time datetime=\"2025-12-17T09:04:24+00:00\" class=\"wp-block-latest-posts__post-date\">17 Th\u00e1ng 12, 2025<\/time><\/li>\n<li><div class=\"wp-block-latest-posts__featured-image\"><img loading=\"lazy\" decoding=\"async\" width=\"1020\" height=\"1020\" src=\"https:\/\/progreek.io.vn\/wp-content\/uploads\/2025\/12\/unnamed-4-1.jpg\" class=\"attachment-large size-large wp-post-image\" alt=\"\" style=\"\" srcset=\"https:\/\/progreek.io.vn\/wp-content\/uploads\/2025\/12\/unnamed-4-1.jpg 1024w, https:\/\/progreek.io.vn\/wp-content\/uploads\/2025\/12\/unnamed-4-1-300x300.jpg 300w, https:\/\/progreek.io.vn\/wp-content\/uploads\/2025\/12\/unnamed-4-1-150x150.jpg 150w, https:\/\/progreek.io.vn\/wp-content\/uploads\/2025\/12\/unnamed-4-1-768x768.jpg 768w, https:\/\/progreek.io.vn\/wp-content\/uploads\/2025\/12\/unnamed-4-1-600x600.jpg 600w, https:\/\/progreek.io.vn\/wp-content\/uploads\/2025\/12\/unnamed-4-1-100x100.jpg 100w\" sizes=\"auto, (max-width: 1020px) 100vw, 1020px\" \/><\/div><a class=\"wp-block-latest-posts__post-title\" href=\"https:\/\/progreek.io.vn\/index.php\/2025\/12\/17\/progreek-bi-quyet-cho-duong-ruot-khoe-manh-he-mien-dich-vung-vang\/\">Progreek: B\u00ed Quy\u1ebft Cho \u0110\u01b0\u1eddng Ru\u1ed9t Kh\u1ecfe M\u1ea1nh &amp; H\u1ec7 Mi\u1ec5n D\u1ecbch V\u1eefng V\u00e0ng<\/a><div class=\"wp-block-latest-posts__post-author\">b\u1edfi Pham Na<\/div><time datetime=\"2025-12-17T09:32:32+00:00\" class=\"wp-block-latest-posts__post-date\">17 Th\u00e1ng 12, 2025<\/time><\/li>\n<\/ul>\n\n\n<p><\/p>\n","protected":false},"excerpt":{"rendered":"","protected":false},"author":1,"featured_media":0,"parent":0,"menu_order":0,"comment_status":"closed","ping_status":"closed","template":"","meta":{"footnotes":""},"class_list":["post-32","page","type-page","status-publish","hentry"],"_links":{"self":[{"href":"https:\/\/progreek.io.vn\/index.php\/wp-json\/wp\/v2\/pages\/32","targetHints":{"allow":["GET"]}}],"collection":[{"href":"https:\/\/progreek.io.vn\/index.php\/wp-json\/wp\/v2\/pages"}],"about":[{"href":"https:\/\/progreek.io.vn\/index.php\/wp-json\/wp\/v2\/types\/page"}],"author":[{"embeddable":true,"href":"https:\/\/progreek.io.vn\/index.php\/wp-json\/wp\/v2\/users\/1"}],"replies":[{"embeddable":true,"href":"https:\/\/progreek.io.vn\/index.php\/wp-json\/wp\/v2\/comments?post=32"}],"version-history":[{"count":13,"href":"https:\/\/progreek.io.vn\/index.php\/wp-json\/wp\/v2\/pages\/32\/revisions"}],"predecessor-version":[{"id":413,"href":"https:\/\/progreek.io.vn\/index.php\/wp-json\/wp\/v2\/pages\/32\/revisions\/413"}],"wp:attachment":[{"href":"https:\/\/progreek.io.vn\/index.php\/wp-json\/wp\/v2\/media?parent=32"}],"curies":[{"name":"wp","href":"https:\/\/api.w.org\/{rel}","templated":true}]}}