{"id":27,"date":"2025-12-05T03:08:31","date_gmt":"2025-12-05T03:08:31","guid":{"rendered":"http:\/\/progreek.io.vn\/?page_id=27"},"modified":"2025-12-20T01:16:32","modified_gmt":"2025-12-20T01:16:32","slug":"home","status":"publish","type":"page","link":"https:\/\/progreek.io.vn\/","title":{"rendered":"Trang ch\u1ee7"},"content":{"rendered":"\n<h1 class=\"wp-block-heading\">ProGreek &#8211; S\u1eefa chua Hy L\u1ea1p cho l\u1ed1i s\u1ed1ng l\u00e0nh m\u1ea1nh.<\/h1>\n\n\n\n<div class=\"wp-block-cover is-light\" style=\"min-height:381px;aspect-ratio:unset;\"><img loading=\"lazy\" decoding=\"async\" width=\"2048\" height=\"1144\" class=\"wp-block-cover__image-background wp-image-276 size-full\" alt=\"\" src=\"http:\/\/progreek.io.vn\/wp-content\/uploads\/2025\/12\/z7336332660111_788e02e5d3bcca2e08be9db8bb946129-1.jpg\" data-object-fit=\"cover\" srcset=\"https:\/\/progreek.io.vn\/wp-content\/uploads\/2025\/12\/z7336332660111_788e02e5d3bcca2e08be9db8bb946129-1.jpg 2048w, https:\/\/progreek.io.vn\/wp-content\/uploads\/2025\/12\/z7336332660111_788e02e5d3bcca2e08be9db8bb946129-1-300x168.jpg 300w, https:\/\/progreek.io.vn\/wp-content\/uploads\/2025\/12\/z7336332660111_788e02e5d3bcca2e08be9db8bb946129-1-1024x572.jpg 1024w, https:\/\/progreek.io.vn\/wp-content\/uploads\/2025\/12\/z7336332660111_788e02e5d3bcca2e08be9db8bb946129-1-768x429.jpg 768w, https:\/\/progreek.io.vn\/wp-content\/uploads\/2025\/12\/z7336332660111_788e02e5d3bcca2e08be9db8bb946129-1-1536x858.jpg 1536w, https:\/\/progreek.io.vn\/wp-content\/uploads\/2025\/12\/z7336332660111_788e02e5d3bcca2e08be9db8bb946129-1-600x335.jpg 600w\" sizes=\"auto, (max-width: 2048px) 100vw, 2048px\" \/><span aria-hidden=\"true\" class=\"wp-block-cover__background has-background-dim\" style=\"background-color:#c8c6c0\"><\/span><div class=\"wp-block-cover__inner-container is-layout-flow wp-block-cover-is-layout-flow\">\n<p class=\"has-text-align-center has-large-font-size\"><\/p>\n<\/div><\/div>\n\n\n\n<hr class=\"wp-block-separator has-alpha-channel-opacity\"\/>\n\n\n\n<div class=\"wp-block-media-text is-stacked-on-mobile\"><figure class=\"wp-block-media-text__media\"><img loading=\"lazy\" decoding=\"async\" width=\"640\" height=\"427\" src=\"http:\/\/progreek.io.vn\/wp-content\/uploads\/2025\/11\/sua-chua-1-16837929569561592834628.webp\" alt=\"\" class=\"wp-image-7 size-full\" srcset=\"https:\/\/progreek.io.vn\/wp-content\/uploads\/2025\/11\/sua-chua-1-16837929569561592834628.webp 640w, https:\/\/progreek.io.vn\/wp-content\/uploads\/2025\/11\/sua-chua-1-16837929569561592834628-600x400.webp 600w, https:\/\/progreek.io.vn\/wp-content\/uploads\/2025\/11\/sua-chua-1-16837929569561592834628-300x200.webp 300w\" sizes=\"auto, (max-width: 640px) 100vw, 640px\" \/><\/figure><div class=\"wp-block-media-text__content\">\n<h2 class=\"wp-block-heading\"><strong>S\u1ea3n  ph\u1ea9m l\u00e0m ho\u00e0n to\u00e0n t\u1ef1 nhi\u00ean.<\/strong><\/h2>\n\n\n\n<p>S\u1ea3n ph\u1ea9m \u0111\u01b0\u1ee3c l\u00e0m 100% t\u1eeb c\u00e1c nguy\u00ean li\u1ec7u t\u1ef1 nhi\u00ean cam k\u1ebft l\u1ea5y m\u1edbi h\u00e0ng ng\u00e0y v\u00e0 ph\u1ea3i qua c\u00e1c ki\u1ec3m \u0111\u1ecbnh v\u00f4 c\u00f9ng nghi\u00eam ng\u1eb7t tr\u01b0\u1edbc khi \u0111\u01b0a t\u1edbi tay kh\u00e1ch h\u00e0ng.<\/p>\n<\/div><\/div>\n\n\n\n<hr class=\"wp-block-separator has-alpha-channel-opacity\"\/>\n\n\n\n<div class=\"slider-wrapper relative\" id=\"slider-1323119180\" >\n    <div class=\"slider slider-nav-circle slider-nav-large slider-nav-light slider-style-normal\"\n        data-flickity-options='{\n            \"cellAlign\": \"center\",\n            \"imagesLoaded\": true,\n            \"lazyLoad\": 1,\n            \"freeScroll\": false,\n            \"wrapAround\": true,\n            \"autoPlay\": 6000,\n            \"pauseAutoPlayOnHover\" : true,\n            \"prevNextButtons\": true,\n            \"contain\" : true,\n            \"adaptiveHeight\" : true,\n            \"dragThreshold\" : 10,\n            \"percentPosition\": true,\n            \"pageDots\": true,\n            \"rightToLeft\": false,\n            \"draggable\": true,\n            \"selectedAttraction\": 0.1,\n            \"parallax\" : 0,\n            \"friction\": 0.6        }'\n        >\n        \n\n\t<div class=\"img has-hover x md-x lg-x y md-y lg-y\" id=\"image_1986525469\">\n\t\t\t\t\t\t\t\t<div class=\"img-inner image-cover dark\" style=\"padding-top:56.25%;\">\n\t\t\t<img loading=\"lazy\" decoding=\"async\" width=\"1020\" height=\"1020\" src=\"https:\/\/progreek.io.vn\/wp-content\/uploads\/2025\/12\/Gemini_Generated_Image_j1gfl3j1gfl3j1gf-2.png\" class=\"attachment-large size-large\" alt=\"\" srcset=\"https:\/\/progreek.io.vn\/wp-content\/uploads\/2025\/12\/Gemini_Generated_Image_j1gfl3j1gfl3j1gf-2.png 1024w, https:\/\/progreek.io.vn\/wp-content\/uploads\/2025\/12\/Gemini_Generated_Image_j1gfl3j1gfl3j1gf-2-300x300.png 300w, https:\/\/progreek.io.vn\/wp-content\/uploads\/2025\/12\/Gemini_Generated_Image_j1gfl3j1gfl3j1gf-2-150x150.png 150w, https:\/\/progreek.io.vn\/wp-content\/uploads\/2025\/12\/Gemini_Generated_Image_j1gfl3j1gfl3j1gf-2-768x768.png 768w, https:\/\/progreek.io.vn\/wp-content\/uploads\/2025\/12\/Gemini_Generated_Image_j1gfl3j1gfl3j1gf-2-600x600.png 600w, https:\/\/progreek.io.vn\/wp-content\/uploads\/2025\/12\/Gemini_Generated_Image_j1gfl3j1gfl3j1gf-2-100x100.png 100w\" sizes=\"auto, (max-width: 1020px) 100vw, 1020px\" \/>\t\t\t\t\t\t\n\t\t\t\t\t<\/div>\n\t\t\t\t\t\t\t\t\n<style>\n#image_1986525469 {\n  width: 100%;\n}\n<\/style>\n\t<\/div>\n\t\n\n\t<div class=\"img has-hover x md-x lg-x y md-y lg-y\" id=\"image_295794251\">\n\t\t\t\t\t\t\t\t<div class=\"img-inner image-cover dark\" style=\"padding-top:56.25%;\">\n\t\t\t<img loading=\"lazy\" decoding=\"async\" width=\"1020\" height=\"1020\" src=\"https:\/\/progreek.io.vn\/wp-content\/uploads\/2025\/12\/Gemini_Generated_Image_5n696i5n696i5n69-1.png\" class=\"attachment-large size-large\" alt=\"\" srcset=\"https:\/\/progreek.io.vn\/wp-content\/uploads\/2025\/12\/Gemini_Generated_Image_5n696i5n696i5n69-1.png 1024w, https:\/\/progreek.io.vn\/wp-content\/uploads\/2025\/12\/Gemini_Generated_Image_5n696i5n696i5n69-1-300x300.png 300w, https:\/\/progreek.io.vn\/wp-content\/uploads\/2025\/12\/Gemini_Generated_Image_5n696i5n696i5n69-1-150x150.png 150w, https:\/\/progreek.io.vn\/wp-content\/uploads\/2025\/12\/Gemini_Generated_Image_5n696i5n696i5n69-1-768x768.png 768w, https:\/\/progreek.io.vn\/wp-content\/uploads\/2025\/12\/Gemini_Generated_Image_5n696i5n696i5n69-1-600x600.png 600w, https:\/\/progreek.io.vn\/wp-content\/uploads\/2025\/12\/Gemini_Generated_Image_5n696i5n696i5n69-1-100x100.png 100w\" sizes=\"auto, (max-width: 1020px) 100vw, 1020px\" \/>\t\t\t\t\t\t\n\t\t\t\t\t<\/div>\n\t\t\t\t\t\t\t\t\n<style>\n#image_295794251 {\n  width: 100%;\n}\n<\/style>\n\t<\/div>\n\t\n\n\n     <\/div>\n\n     <div class=\"loading-spin dark large centered\"><\/div>\n\n\t<\/div>\n\n\n\n\n\n<figure class=\"wp-block-pullquote\"><blockquote><p>Kh\u00f4ng ng\u1eebng \u0111\u1ed5i m\u1edbi.<\/p><cite>Ch\u00fang t\u00f4i li\u00ean t\u1ee5c t\u00ecm ki\u1ebfm v\u00e0 \u1ee9ng d\u1ee5ng c\u00f4ng ngh\u1ec7 s\u1ea3n xu\u1ea5t ti\u00ean ti\u1ebfn nh\u1ea5t \u0111\u1ec3 \u0111\u00e1p \u1ee9ng m\u1ecdi ti\u00eau chu\u1ea9n kh\u1eaft khe c\u1ee7a ProGreek.<\/cite><\/blockquote><\/figure>\n\n\n\n<blockquote class=\"wp-block-quote is-layout-flow wp-block-quote-is-layout-flow\">\n<figure class=\"wp-block-image size-large\"><img loading=\"lazy\" decoding=\"async\" width=\"1024\" height=\"559\" src=\"http:\/\/progreek.io.vn\/wp-content\/uploads\/2025\/12\/Gemini_Generated_Image_u5qpeou5qpeou5qp-1024x559.png\" alt=\"\" class=\"wp-image-386\" srcset=\"https:\/\/progreek.io.vn\/wp-content\/uploads\/2025\/12\/Gemini_Generated_Image_u5qpeou5qpeou5qp-1024x559.png 1024w, https:\/\/progreek.io.vn\/wp-content\/uploads\/2025\/12\/Gemini_Generated_Image_u5qpeou5qpeou5qp-300x164.png 300w, https:\/\/progreek.io.vn\/wp-content\/uploads\/2025\/12\/Gemini_Generated_Image_u5qpeou5qpeou5qp-768x419.png 768w, https:\/\/progreek.io.vn\/wp-content\/uploads\/2025\/12\/Gemini_Generated_Image_u5qpeou5qpeou5qp-600x327.png 600w, https:\/\/progreek.io.vn\/wp-content\/uploads\/2025\/12\/Gemini_Generated_Image_u5qpeou5qpeou5qp.png 1408w\" sizes=\"auto, (max-width: 1024px) 100vw, 1024px\" \/><\/figure>\n<\/blockquote>\n\n\n\n<div class=\"wp-block-columns is-layout-flex wp-container-core-columns-is-layout-9d6595d7 wp-block-columns-is-layout-flex\">\n<div class=\"wp-block-column is-layout-flow wp-block-column-is-layout-flow\">\n<pre class=\"wp-block-verse has-text-align-center\"><strong>Tri\u1ebft l\u00fd th\u01b0\u01a1ng hi\u1ec7u<\/strong> <br><br>ProGreek theo \u0111u\u1ed5i gi\u00e1 tr\u1ecb dinh d\u01b0\u1ee1ng thu\u1ea7n khi\u1ebft t\u1eeb t\u1ef1 nhi\u00ean, k\u1ebft h\u1ee3p c\u00f4ng ngh\u1ec7 s\u1ea3n xu\u1ea5t ti\u00ean ti\u1ebfn \u0111\u1ec3 t\u1ea1o ra s\u1eefa chua Hy L\u1ea1p an to\u00e0n, gi\u00e0u dinh d\u01b0\u1ee1ng v\u00e0 t\u1ed1t cho s\u1ee9c kh\u1ecfe. Ch\u00fang t\u00f4i cam k\u1ebft mang \u0111\u1ebfn gi\u1ea3i ph\u00e1p \u0103n u\u1ed1ng l\u00e0nh m\u1ea1nh, b\u1ec1n v\u1eefng cho l\u1ed1i s\u1ed1ng hi\u1ec7n \u0111\u1ea1i.<\/pre>\n<\/div>\n<\/div>\n\n\n\n<figure class=\"wp-block-image size-large\"><img loading=\"lazy\" decoding=\"async\" width=\"1024\" height=\"256\" src=\"http:\/\/progreek.io.vn\/wp-content\/uploads\/2025\/12\/download-1024x256.png\" alt=\"\" class=\"wp-image-303\" srcset=\"https:\/\/progreek.io.vn\/wp-content\/uploads\/2025\/12\/download-1024x256.png 1024w, https:\/\/progreek.io.vn\/wp-content\/uploads\/2025\/12\/download-300x75.png 300w, https:\/\/progreek.io.vn\/wp-content\/uploads\/2025\/12\/download-768x192.png 768w, https:\/\/progreek.io.vn\/wp-content\/uploads\/2025\/12\/download-1536x384.png 1536w, https:\/\/progreek.io.vn\/wp-content\/uploads\/2025\/12\/download-600x150.png 600w, https:\/\/progreek.io.vn\/wp-content\/uploads\/2025\/12\/download.png 2048w\" sizes=\"auto, (max-width: 1024px) 100vw, 1024px\" \/><\/figure>\n","protected":false},"excerpt":{"rendered":"<p>ProGreek &#8211; S\u1eefa chua Hy L\u1ea1p cho l\u1ed1i s\u1ed1ng l\u00e0nh m\u1ea1nh. S\u1ea3n ph\u1ea9m l\u00e0m ho\u00e0n to\u00e0n t\u1ef1 nhi\u00ean. S\u1ea3n ph\u1ea9m \u0111\u01b0\u1ee3c l\u00e0m 100% t\u1eeb c\u00e1c nguy\u00ean li\u1ec7u t\u1ef1 nhi\u00ean cam k\u1ebft l\u1ea5y m\u1edbi h\u00e0ng ng\u00e0y v\u00e0 ph\u1ea3i qua c\u00e1c ki\u1ec3m \u0111\u1ecbnh v\u00f4 c\u00f9ng nghi\u00eam ng\u1eb7t tr\u01b0\u1edbc khi \u0111\u01b0a t\u1edbi tay kh\u00e1ch h\u00e0ng. Kh\u00f4ng ng\u1eebng \u0111\u1ed5i [&#8230;]\n","protected":false},"author":1,"featured_media":0,"parent":0,"menu_order":0,"comment_status":"closed","ping_status":"closed","template":"","meta":{"footnotes":""},"class_list":["post-27","page","type-page","status-publish","hentry"],"_links":{"self":[{"href":"https:\/\/progreek.io.vn\/index.php\/wp-json\/wp\/v2\/pages\/27","targetHints":{"allow":["GET"]}}],"collection":[{"href":"https:\/\/progreek.io.vn\/index.php\/wp-json\/wp\/v2\/pages"}],"about":[{"href":"https:\/\/progreek.io.vn\/index.php\/wp-json\/wp\/v2\/types\/page"}],"author":[{"embeddable":true,"href":"https:\/\/progreek.io.vn\/index.php\/wp-json\/wp\/v2\/users\/1"}],"replies":[{"embeddable":true,"href":"https:\/\/progreek.io.vn\/index.php\/wp-json\/wp\/v2\/comments?post=27"}],"version-history":[{"count":32,"href":"https:\/\/progreek.io.vn\/index.php\/wp-json\/wp\/v2\/pages\/27\/revisions"}],"predecessor-version":[{"id":415,"href":"https:\/\/progreek.io.vn\/index.php\/wp-json\/wp\/v2\/pages\/27\/revisions\/415"}],"wp:attachment":[{"href":"https:\/\/progreek.io.vn\/index.php\/wp-json\/wp\/v2\/media?parent=27"}],"curies":[{"name":"wp","href":"https:\/\/api.w.org\/{rel}","templated":true}]}}