{"id":158,"date":"2025-12-05T04:28:03","date_gmt":"2025-12-05T04:28:03","guid":{"rendered":"https:\/\/progreek.io.vn\/?post_type=product&#038;p=158"},"modified":"2025-12-17T10:12:51","modified_gmt":"2025-12-17T10:12:51","slug":"progreek-yogurt-nguyen-ban-2","status":"publish","type":"product","link":"http:\/\/progreek.io.vn\/index.php\/san-pham\/progreek-yogurt-nguyen-ban-2\/","title":{"rendered":"ProGreek &#8211; \u00cdt \u0111\u01b0\u1eddng"},"content":{"rendered":"<h4 data-path-to-node=\"23\">Progreek \u00cdt \u0110\u01b0\u1eddng (Less Sugar)<\/h4>\n<p data-path-to-node=\"24\"><b>D\u00f2ng: Balance<\/b> | <i>C\u00e2n b\u1eb1ng ho\u00e0n h\u1ea3o<\/i><\/p>\n<p data-path-to-node=\"25\">S\u1ef1 nu\u00f4ng chi\u1ec1u v\u1ecb gi\u00e1c m\u00e0 kh\u00f4ng mang l\u1ea1i c\u1ea3m gi\u00e1c t\u1ed9i l\u1ed7i. N\u1ebfu b\u1ea1n th\u1ea5y lo\u1ea1i Kh\u00f4ng \u0111\u01b0\u1eddng qu\u00e1 kh\u00f3 \u0103n, nh\u01b0ng l\u1ea1i s\u1ee3 lo\u1ea1i th\u01b0\u1eddng qu\u00e1 ng\u1ecdt, th\u00ec \u0111\u00e2y l\u00e0 &#8220;\u0111i\u1ec3m ch\u1ea1m&#8221; ho\u00e0n h\u1ea3o.<\/p>\n<ul data-path-to-node=\"26\">\n<li>\n<p data-path-to-node=\"26,0,0\"><b>H\u01b0\u01a1ng v\u1ecb:<\/b> V\u1eabn l\u00e0 c\u1ed1t s\u1eefa chua b\u00e9o ng\u1eady, nh\u01b0ng \u0111\u01b0\u1ee3c \u0111i\u1ec3m xuy\u1ebft m\u1ed9t ch\u00fat ng\u1ecdt thanh r\u1ea5t nh\u1eb9, \u0111\u1ee7 \u0111\u1ec3 \u0111\u00e1nh th\u1ee9c v\u1ecb gi\u00e1c nh\u01b0ng c\u1ef1c k\u1ef3 \u00eam d\u1ecbu.<\/p>\n<\/li>\n<li>\n<p data-path-to-node=\"26,1,0\"><b>\u0110i\u1ec3m \u0111\u1eb7c bi\u1ec7t:<\/b> <b>Gi\u1ea3m h\u01a1n 70% l\u01b0\u1ee3ng \u0111\u01b0\u1eddng<\/b> so v\u1edbi c\u00e1c lo\u1ea1i s\u1eefa chua c\u00f4ng nghi\u1ec7p. Calo th\u1ea5p nh\u01b0ng n\u0103ng l\u01b0\u1ee3ng cao.<\/p>\n<\/li>\n<li>\n<p data-path-to-node=\"26,2,0\"><b>G\u1ee3i \u00fd th\u01b0\u1edfng th\u1ee9c:<\/b> B\u1eefa x\u1ebf nhanh g\u1ecdn cho d\u00e2n v\u0103n ph\u00f2ng, m\u00f3n tr\u00e1ng mi\u1ec7ng l\u00e0nh m\u1ea1nh cho tr\u1ebb em v\u00e0 c\u1ea3 gia \u0111\u00ecnh.<\/p>\n<\/li>\n<\/ul>\n<h2 data-path-to-node=\"3\"><\/h2>\n","protected":false},"excerpt":{"rendered":"<p data-path-to-node=\"11,0\"><b>&#8220;C\u00e2n b\u1eb1ng ho\u00e0n h\u1ea3o &#8211; Ng\u1ecdt d\u1ecbu t\u1ef1 nhi\u00ean&#8221;<\/b><\/p>\n<ul data-path-to-node=\"11,1\">\n<li>\n<p data-path-to-node=\"11,1,0,0\">Gi\u1ea3m 70% \u0111\u01b0\u1eddng so v\u1edbi s\u1eefa chua th\u00f4ng th\u01b0\u1eddng.<\/p>\n<\/li>\n<li>\n<p data-path-to-node=\"11,1,1,0\">V\u1eeba gi\u1eef d\u00e1ng, v\u1eeba chi\u1ec1u chu\u1ed9ng v\u1ecb gi\u00e1c.<\/p>\n<\/li>\n<li>\n<p data-path-to-node=\"11,1,2,0\"><i>Ph\u00f9 h\u1ee3p cho ng\u01b0\u1eddi m\u1edbi b\u1eaft \u0111\u1ea7u &amp; tr\u1ebb em.<\/i><\/p>\n<\/li>\n<\/ul>\n","protected":false},"featured_media":349,"comment_status":"open","ping_status":"closed","template":"","meta":[],"product_brand":[],"product_cat":[20],"product_tag":[],"class_list":{"0":"post-158","1":"product","2":"type-product","3":"status-publish","4":"has-post-thumbnail","6":"product_cat-san-pham","8":"first","9":"instock","10":"sale","11":"taxable","12":"shipping-taxable","13":"purchasable","14":"product-type-simple"},"_links":{"self":[{"href":"http:\/\/progreek.io.vn\/index.php\/wp-json\/wp\/v2\/product\/158","targetHints":{"allow":["GET"]}}],"collection":[{"href":"http:\/\/progreek.io.vn\/index.php\/wp-json\/wp\/v2\/product"}],"about":[{"href":"http:\/\/progreek.io.vn\/index.php\/wp-json\/wp\/v2\/types\/product"}],"replies":[{"embeddable":true,"href":"http:\/\/progreek.io.vn\/index.php\/wp-json\/wp\/v2\/comments?post=158"}],"wp:featuredmedia":[{"embeddable":true,"href":"http:\/\/progreek.io.vn\/index.php\/wp-json\/wp\/v2\/media\/349"}],"wp:attachment":[{"href":"http:\/\/progreek.io.vn\/index.php\/wp-json\/wp\/v2\/media?parent=158"}],"wp:term":[{"taxonomy":"product_brand","embeddable":true,"href":"http:\/\/progreek.io.vn\/index.php\/wp-json\/wp\/v2\/product_brand?post=158"},{"taxonomy":"product_cat","embeddable":true,"href":"http:\/\/progreek.io.vn\/index.php\/wp-json\/wp\/v2\/product_cat?post=158"},{"taxonomy":"product_tag","embeddable":true,"href":"http:\/\/progreek.io.vn\/index.php\/wp-json\/wp\/v2\/product_tag?post=158"}],"curies":[{"name":"wp","href":"https:\/\/api.w.org\/{rel}","templated":true}]}}